{"id":6,"date":"2024-04-25T05:22:02","date_gmt":"2024-04-25T08:22:02","guid":{"rendered":"https:\/\/plum-barracuda-678495.hostingersite.com\/?page_id=6"},"modified":"2025-02-21T09:14:03","modified_gmt":"2025-02-21T12:14:03","slug":"pagina-inicial","status":"publish","type":"page","link":"https:\/\/lillianmachado.adv.br\/","title":{"rendered":"P\u00e1gina Inicial"},"content":{"rendered":"<p><img decoding=\"async\" src=\"http:\/\/lillianmachado.adv.br\/wp-content\/uploads\/elementor\/thumbs\/contato@aragaoadvocacia.com_.br-2000-x-590-px-1920-x-1920-px-14-qrb1780h4gyavd2tvqinjxgdc1nihmjnieq7h6lmo0.png\" title=\"contato@aragaoadvocacia.com.br (2000 x 590 px) (1920 x 1920 px) (14)\" alt=\"contato@aragaoadvocacia.com.br (2000 x 590 px) (1920 x 1920 px) (14)\" loading=\"lazy\" \/>\t\t\t\t\t\t\t\t\t\t\t\t\t<\/p>\n<h3>\n\t\t\t\t\tEscrit\u00f3rio de advocacia com refer\u00eancia em<br \/>\n\t\t\t\tRenegocia\u00e7\u00e3o&nbsp;de&nbsp;d\u00edvidas<br \/>\n\t\t\t\tRevis\u00e3o&nbsp;de&nbsp;juros<br \/>\n\t\t\t\tDireito&nbsp;banc\u00e1rio<br \/>\n\t\t\t\tSolu\u00e7\u00f5es&nbsp;empresariais<br \/>\n\t\t\t\t<\/h3>\n<p>Trazendo o melhor da advocacia empresarial em\u00a0<strong>todo o Brasil.<\/strong><\/p>\n<p>\t\t\t\t\t<a href=\"https:\/\/plum-barracuda-678495.hostingersite.com\/index.php\/contato\/\"><br \/>\n\t\t\t\t\t\t\t\t\tENTRE EM CONTATO CONOSCO<br \/>\n\t\t\t\t\t<\/a><\/p>\n<h2>O escrit\u00f3rio<\/h2>\n<p>\t\tO nosso escrit\u00f3rio preza pela ess\u00eancia corajosa de buscar justi\u00e7a quando se trata de combater as pr\u00e1ticas abusivas e redu\u00e7\u00e3o de juros abusivos. Sabemos pelo nosso dia a dia que as praticas abusivas no mercado banc\u00e1rio leva empresas e pessoas a fal\u00eancia, matando a sua auto estima, gerando frusta\u00e7\u00e3o e muitos problemas pessoais.<br \/>\nA negocia\u00e7\u00e3o est\u00e1 no nosso DNA, n\u00e3o \u00e9 f\u00e1cil, n\u00e3o \u00e9 apenas peticionar, existem estrat\u00e9gias necess\u00e1rias que devem acontecer entre cliente e advogado.<br \/>\nO banco possui uma equipe especializada, que certamente n\u00e3o pretende defender os seus interesses. A nossa tarefa \u00e9 equilibrar a balan\u00e7a e trazer a melhor solu\u00e7\u00e3o para voc\u00ea.<br \/>\n\t\t\t\t\t<a href=\"https:\/\/plum-barracuda-678495.hostingersite.com\/index.php\/sobre\/\"><br \/>\n\t\t\t\t\t\t\t\t\tCONHE\u00c7A NOSSA HIST\u00d3RIA<br \/>\n\t\t\t\t\t<\/a><br \/>\n\t\t\t\t\t\t\t\t\t\t\t\t\t<img decoding=\"async\" src=\"http:\/\/lillianmachado.adv.br\/wp-content\/uploads\/elementor\/thumbs\/4055859-qqvmce48pgqrccjys0vosmpkxs85grd51k01qup88o.jpg\" title=\"4055859\" alt=\"4055859\" loading=\"lazy\" \/>\t\t\t\t\t\t\t\t\t\t\t\t\t<\/p>\n<h2>\u00c1reas de Atua\u00e7\u00e3o<\/h2>\n<p>Trazendo o melhor da advocacia empresarial, tribut\u00e1rio e banc\u00e1rio<\/p>\n<figure><img loading=\"lazy\" decoding=\"async\" width=\"1500\" height=\"1000\" src=\"http:\/\/lillianmachado.adv.br\/wp-content\/uploads\/2024\/04\/48104.jpg\" alt=\"\" \/><\/figure>\n<h3>Renegocia\u00e7\u00e3o de D\u00edvidas<\/h3>\n<p>Trazemos a melhor solu\u00e7\u00e3o jur\u00eddica para voc\u00ea na renegocia\u00e7\u00e3o de d\u00edvidas com o banco, realizando revis\u00f5es contratuais e observando poss\u00edveis abusividades por parte da entidade.<\/p>\n<p>\t\t\t\t\t<a href=\"https:\/\/plum-barracuda-678495.hostingersite.com\/index.php\/renegociacao-de-dividas\/\"><br \/>\n\t\t\t\t<svg aria-hidden=\"true\" viewBox=\"0 0 448 512\" xmlns=\"http:\/\/www.w3.org\/2000\/svg\"><path d=\"M313.941 216H12c-6.627 0-12 5.373-12 12v56c0 6.627 5.373 12 12 12h301.941v46.059c0 21.382 25.851 32.09 40.971 16.971l86.059-86.059c9.373-9.373 9.373-24.569 0-33.941l-86.059-86.059c-15.119-15.119-40.971-4.411-40.971 16.971V216z\"><\/path><\/svg><br \/>\n\t\t\t\t\t\t\t\t\tSaiba mais<br \/>\n\t\t\t\t\t<\/a><\/p>\n<figure><img loading=\"lazy\" decoding=\"async\" width=\"1500\" height=\"1000\" src=\"http:\/\/lillianmachado.adv.br\/wp-content\/uploads\/2024\/04\/410.jpg\" alt=\"\" \/><\/figure>\n<h3>Juros Abusivos<\/h3>\n<p>Revis\u00e3o de condi\u00e7\u00f5es de juros em financiamentos, empr\u00e9stimos, cart\u00f5es de cr\u00e9dito e cheques especiais.<\/p>\n<p>\t\t\t\t\t<a href=\"https:\/\/plum-barracuda-678495.hostingersite.com\/index.php\/juros-abusivos\/\"><br \/>\n\t\t\t\t<svg aria-hidden=\"true\" viewBox=\"0 0 448 512\" xmlns=\"http:\/\/www.w3.org\/2000\/svg\"><path d=\"M313.941 216H12c-6.627 0-12 5.373-12 12v56c0 6.627 5.373 12 12 12h301.941v46.059c0 21.382 25.851 32.09 40.971 16.971l86.059-86.059c9.373-9.373 9.373-24.569 0-33.941l-86.059-86.059c-15.119-15.119-40.971-4.411-40.971 16.971V216z\"><\/path><\/svg><br \/>\n\t\t\t\t\t\t\t\t\tSaiba mais<br \/>\n\t\t\t\t\t<\/a><\/p>\n<figure><img loading=\"lazy\" decoding=\"async\" width=\"1500\" height=\"1000\" src=\"http:\/\/lillianmachado.adv.br\/wp-content\/uploads\/2024\/07\/3156.jpg\" alt=\"\" \/><\/figure>\n<h3>Superendividamento<\/h3>\n<p>Mais do que nunca as grandes institui\u00e7\u00f5es banc\u00e1rias tem se valido de praticas abusivas para garantir as suas in\u00fameras cifras.<br \/>\nE nesse contexto que atuamos, garantindo o direito do consumidor banc\u00e1rios de pagar a sua divida de forma justa e correta.\n<\/p>\n<p>\t\t\t\t\t<a href=\"https:\/\/plum-barracuda-678495.hostingersite.com\/index.php\/superendividamento\/\"><br \/>\n\t\t\t\t<svg aria-hidden=\"true\" viewBox=\"0 0 448 512\" xmlns=\"http:\/\/www.w3.org\/2000\/svg\"><path d=\"M313.941 216H12c-6.627 0-12 5.373-12 12v56c0 6.627 5.373 12 12 12h301.941v46.059c0 21.382 25.851 32.09 40.971 16.971l86.059-86.059c9.373-9.373 9.373-24.569 0-33.941l-86.059-86.059c-15.119-15.119-40.971-4.411-40.971 16.971V216z\"><\/path><\/svg><br \/>\n\t\t\t\t\t\t\t\t\tSaiba mais<br \/>\n\t\t\t\t\t<\/a><\/p>\n<figure><img loading=\"lazy\" decoding=\"async\" width=\"1500\" height=\"1000\" src=\"http:\/\/lillianmachado.adv.br\/wp-content\/uploads\/2024\/07\/15149.jpg\" alt=\"\" \/><\/figure>\n<h3>Fraudes e golpes banc\u00e1rios<\/h3>\n<p>Possu\u00edmos no nosso quadro de profissionais um time especializado inclusive em fazer a orienta\u00e7\u00e3o e gest\u00e3o do fluxo de caixa e organiza\u00e7\u00e3o financeira para que a empresa continue faturando.\n<\/p>\n<p>\t\t\t\t\t<a href=\"https:\/\/plum-barracuda-678495.hostingersite.com\/index.php\/fraudes-bancarias\/\"><br \/>\n\t\t\t\t<svg aria-hidden=\"true\" viewBox=\"0 0 448 512\" xmlns=\"http:\/\/www.w3.org\/2000\/svg\"><path d=\"M313.941 216H12c-6.627 0-12 5.373-12 12v56c0 6.627 5.373 12 12 12h301.941v46.059c0 21.382 25.851 32.09 40.971 16.971l86.059-86.059c9.373-9.373 9.373-24.569 0-33.941l-86.059-86.059c-15.119-15.119-40.971-4.411-40.971 16.971V216z\"><\/path><\/svg><br \/>\n\t\t\t\t\t\t\t\t\tSaiba mais<br \/>\n\t\t\t\t\t<\/a><\/p>\n<figure><img loading=\"lazy\" decoding=\"async\" width=\"1500\" height=\"1000\" src=\"http:\/\/lillianmachado.adv.br\/wp-content\/uploads\/2024\/07\/2148194721.jpg\" alt=\"\" \/><\/figure>\n<h3>Revisionais Banc\u00e1rias<\/h3>\n<p>Servi\u00e7os voltados para a revis\u00e3o de contratos banc\u00e1rios em busca de renegocia\u00e7\u00f5es e tamb\u00e9m identificar abusos ou irregularidades.<\/p>\n<p>\t\t\t\t\t<a href=\"https:\/\/plum-barracuda-678495.hostingersite.com\/index.php\/revisionais-bancarias\/\"><br \/>\n\t\t\t\t<svg aria-hidden=\"true\" viewBox=\"0 0 448 512\" xmlns=\"http:\/\/www.w3.org\/2000\/svg\"><path d=\"M313.941 216H12c-6.627 0-12 5.373-12 12v56c0 6.627 5.373 12 12 12h301.941v46.059c0 21.382 25.851 32.09 40.971 16.971l86.059-86.059c9.373-9.373 9.373-24.569 0-33.941l-86.059-86.059c-15.119-15.119-40.971-4.411-40.971 16.971V216z\"><\/path><\/svg><br \/>\n\t\t\t\t\t\t\t\t\tSaiba mais<br \/>\n\t\t\t\t\t<\/a><\/p>\n<figure><img loading=\"lazy\" decoding=\"async\" width=\"1500\" height=\"1001\" src=\"http:\/\/lillianmachado.adv.br\/wp-content\/uploads\/2024\/07\/2148569112.jpg\" alt=\"\" \/><\/figure>\n<h3>Blindagem Patrimonial<\/h3>\n<p>Nosso escrit\u00f3rio oferece servi\u00e7os que visam proteger o patrim\u00f4nio de indiv\u00edduos e empresas contra riscos legais e financeiros.<\/p>\n<p>\t\t\t\t\t<a href=\"https:\/\/plum-barracuda-678495.hostingersite.com\/index.php\/blindagem-patrimonial\/\"><br \/>\n\t\t\t\t<svg aria-hidden=\"true\" viewBox=\"0 0 448 512\" xmlns=\"http:\/\/www.w3.org\/2000\/svg\"><path d=\"M313.941 216H12c-6.627 0-12 5.373-12 12v56c0 6.627 5.373 12 12 12h301.941v46.059c0 21.382 25.851 32.09 40.971 16.971l86.059-86.059c9.373-9.373 9.373-24.569 0-33.941l-86.059-86.059c-15.119-15.119-40.971-4.411-40.971 16.971V216z\"><\/path><\/svg><br \/>\n\t\t\t\t\t\t\t\t\tSaiba mais<br \/>\n\t\t\t\t\t<\/a><\/p>\n<figure><img loading=\"lazy\" decoding=\"async\" width=\"1500\" height=\"1000\" src=\"http:\/\/lillianmachado.adv.br\/wp-content\/uploads\/2024\/07\/2147737927.jpg\" alt=\"\" \/><\/figure>\n<h3>Defesa em Processo de Execu\u00e7\u00e3o<\/h3>\n<p>Oferecemos servi\u00e7os protegendo os interesses de pessoas f\u00edsica ou jur\u00eddica sofrendo processos de execu\u00e7\u00e3o.<\/p>\n<p>\t\t\t\t\t<a href=\"https:\/\/plum-barracuda-678495.hostingersite.com\/index.php\/processo-de-execucao\/\"><br \/>\n\t\t\t\t<svg aria-hidden=\"true\" viewBox=\"0 0 448 512\" xmlns=\"http:\/\/www.w3.org\/2000\/svg\"><path d=\"M313.941 216H12c-6.627 0-12 5.373-12 12v56c0 6.627 5.373 12 12 12h301.941v46.059c0 21.382 25.851 32.09 40.971 16.971l86.059-86.059c9.373-9.373 9.373-24.569 0-33.941l-86.059-86.059c-15.119-15.119-40.971-4.411-40.971 16.971V216z\"><\/path><\/svg><br \/>\n\t\t\t\t\t\t\t\t\tSaiba mais<br \/>\n\t\t\t\t\t<\/a><\/p>\n<figure><img loading=\"lazy\" decoding=\"async\" width=\"1500\" height=\"1001\" src=\"http:\/\/lillianmachado.adv.br\/wp-content\/uploads\/2024\/07\/4825.jpg\" alt=\"\" \/><\/figure>\n<h3>Advocacia Preventiva<\/h3>\n<p>Atuamos de forma preventiva, a fim de evitar lit\u00edgios, problemas legais e financeiros, fazendo com que seu neg\u00f3cio esteja sempre em conformidade com a lei.<\/p>\n<p>\t\t\t\t\t<a href=\"https:\/\/plum-barracuda-678495.hostingersite.com\/index.php\/advocacia-preventiva\/\"><br \/>\n\t\t\t\t<svg aria-hidden=\"true\" viewBox=\"0 0 448 512\" xmlns=\"http:\/\/www.w3.org\/2000\/svg\"><path d=\"M313.941 216H12c-6.627 0-12 5.373-12 12v56c0 6.627 5.373 12 12 12h301.941v46.059c0 21.382 25.851 32.09 40.971 16.971l86.059-86.059c9.373-9.373 9.373-24.569 0-33.941l-86.059-86.059c-15.119-15.119-40.971-4.411-40.971 16.971V216z\"><\/path><\/svg><br \/>\n\t\t\t\t\t\t\t\t\tSaiba mais<br \/>\n\t\t\t\t\t<\/a><br \/>\n\t\t\t\t\t<a href=\"https:\/\/plum-barracuda-678495.hostingersite.com\/index.php\/contato\/\"><br \/>\n\t\t\t\t\t\t\t\t\tENTRE EM CONTATO CONOSCO<br \/>\n\t\t\t\t\t<\/a><\/p>\n<h2>Depoimentos de Clientes<\/h2>\n<p>\t\t\t\t\t\tObrigada pelo apoio Dra. Lillian, pela compreens\u00e3o e garra que dedicou a nossa empresa nesse per\u00edodo dif\u00edcil. Agradecemos pelo profissionalismo e dedica\u00e7\u00e3o, pois foi fundamental, para atingirmos o resultado almejado.<br \/>\n\t\t\t\t\t<cite>Maruza SchusterDiretora  <br \/>MAXXI PRIME<\/cite><br \/>\n\t\t\t\t\t\t<img decoding=\"async\" src=\"http:\/\/lillianmachado.adv.br\/wp-content\/uploads\/2024\/07\/logo-maxiprime.png\" alt=\"Maruza Schuster\"><br \/>\n\t\t\t\t\t\tSomos do setor industrial e nosso ambiente requer aten\u00e7\u00e3o e foco em todos os processos, que v\u00e3o desde a produ\u00e7\u00e3o at\u00e9 a comercializa\u00e7\u00e3o de nossos produtos. Por isso, \u00e9 fundamental que tenhamos apoio de profissionais qualificados para suprir outras demandas que envolvem o dia a dia da nossa empresa.<br \/>\nEstou extremamente satisfeito com o servi\u00e7o jur\u00eddico prestado pela Dra. Lillian Machado \u00e0 nossa empresa. Profissional \u00e1gil e dispon\u00edvel para nos auxiliar em todas as quest\u00f5es legais. Com a ajuda dela, conseguimos resolver diversos problemas e evitar poss\u00edveis lit\u00edgios. Recomendo fortemente o servi\u00e7o jur\u00eddico da Dra. Lillian Machado para qualquer empresa que busca um apoio legal de alta qualidade.<br \/>\n\t\t\t\t\t<cite>Christian BonilhaGerente Geral <br \/> Choco\u00e1 Chocolates de Gramado<\/cite><br \/>\n\t\t\t\t\t\t<img decoding=\"async\" src=\"http:\/\/lillianmachado.adv.br\/wp-content\/uploads\/2024\/07\/logo-chocoa.png\" alt=\"Christian Bonilha\"><br \/>\n\t\t\t\t\t\tGratid\u00e3o a Dra. Lillian por todo o empenho em nos atender de forma consultiva e preventiva diante do dia a dia da nossa empresa\u2026<br \/>\nUma Rede de Postos demanda muita aten\u00e7\u00e3o e comprometimento, assim que diariamente tem assuntos a serem observados\u2026 E sentimos seguran\u00e7a por ter a Dra. Lillian nos atendendo.<br \/>\n\t\t\t\t\t<cite>Rede de Postos PrimeiroNosso cliente<\/cite><br \/>\n\t\t\t\t\t\t<img decoding=\"async\" src=\"http:\/\/lillianmachado.adv.br\/wp-content\/uploads\/2024\/07\/primeiro.png\" alt=\"Rede de Postos Primeiro\"><br \/>\n\t\t\t\t\t\t\t<svg aria-hidden=\"true\" viewBox=\"0 0 1000 1000\" xmlns=\"http:\/\/www.w3.org\/2000\/svg\"><path d=\"M646 125C629 125 613 133 604 142L308 442C296 454 292 471 292 487 292 504 296 521 308 533L604 854C617 867 629 875 646 875 663 875 679 871 692 858 704 846 713 829 713 812 713 796 708 779 692 767L438 487 692 225C700 217 708 204 708 187 708 171 704 154 692 142 675 129 663 125 646 125Z\"><\/path><\/svg>\t\t\t\t\t\t\tPrevious<br \/>\n\t\t\t\t\t\t\t<svg aria-hidden=\"true\" viewBox=\"0 0 1000 1000\" xmlns=\"http:\/\/www.w3.org\/2000\/svg\"><path d=\"M696 533C708 521 713 504 713 487 713 471 708 454 696 446L400 146C388 133 375 125 354 125 338 125 325 129 313 142 300 154 292 171 292 187 292 204 296 221 308 233L563 492 304 771C292 783 288 800 288 817 288 833 296 850 308 863 321 871 338 875 354 875 371 875 388 867 400 854L696 533Z\"><\/path><\/svg>\t\t\t\t\t\t\tNext<\/p>\n<h3>Publica\u00e7\u00f5es Recentes<\/h3>\n<p>\t\t\t\t\t<a href=\"https:\/\/plum-barracuda-678495.hostingersite.com\/index.php\/artigos-juridicos\/\"><br \/>\n\t\t\t\t\t\t\t\t\tMAIS PUBLICA\u00c7\u00d5ES<br \/>\n\t\t\t\t\t<\/a><\/p>\n<h3>Contato<\/h3>\n<ul>\n<li>\n\t\t\t\t\t\t\t\t\t\t\t<a href=\"mailto:contato@plum-barracuda-678495.hostingersite.com\"><br \/>\n\t\t\t\t\t\t\t<svg aria-hidden=\"true\" viewBox=\"0 0 512 512\" xmlns=\"http:\/\/www.w3.org\/2000\/svg\"><path d=\"M464 64H48C21.49 64 0 85.49 0 112v288c0 26.51 21.49 48 48 48h416c26.51 0 48-21.49 48-48V112c0-26.51-21.49-48-48-48zm0 48v40.805c-22.422 18.259-58.168 46.651-134.587 106.49-16.841 13.247-50.201 45.072-73.413 44.701-23.208.375-56.579-31.459-73.413-44.701C106.18 199.465 70.425 171.067 48 152.805V112h416zM48 400V214.398c22.914 18.251 55.409 43.862 104.938 82.646 21.857 17.205 60.134 55.186 103.062 54.955 42.717.231 80.509-37.199 103.053-54.947 49.528-38.783 82.032-64.401 104.947-82.653V400H48z\"><\/path><\/svg><br \/>\n\t\t\t\t\t\t\t\t\t\tcontato@plum-barracuda-678495.hostingersite.com<br \/>\n\t\t\t\t\t\t\t\t\t\t\t<\/a>\n\t\t\t\t\t\t\t\t\t<\/li>\n<li>\n\t\t\t\t\t\t\t\t\t\t\t<a href=\"https:\/\/wa.me\/5551999767134\"><br \/>\n\t\t\t\t\t\t\t<svg aria-hidden=\"true\" viewBox=\"0 0 448 512\" xmlns=\"http:\/\/www.w3.org\/2000\/svg\"><path d=\"M380.9 97.1C339 55.1 283.2 32 223.9 32c-122.4 0-222 99.6-222 222 0 39.1 10.2 77.3 29.6 111L0 480l117.7-30.9c32.4 17.7 68.9 27 106.1 27h.1c122.3 0 224.1-99.6 224.1-222 0-59.3-25.2-115-67.1-157zm-157 341.6c-33.2 0-65.7-8.9-94-25.7l-6.7-4-69.8 18.3L72 359.2l-4.4-7c-18.5-29.4-28.2-63.3-28.2-98.2 0-101.7 82.8-184.5 184.6-184.5 49.3 0 95.6 19.2 130.4 54.1 34.8 34.9 56.2 81.2 56.1 130.5 0 101.8-84.9 184.6-186.6 184.6zm101.2-138.2c-5.5-2.8-32.8-16.2-37.9-18-5.1-1.9-8.8-2.8-12.5 2.8-3.7 5.6-14.3 18-17.6 21.8-3.2 3.7-6.5 4.2-12 1.4-32.6-16.3-54-29.1-75.5-66-5.7-9.8 5.7-9.1 16.3-30.3 1.8-3.7.9-6.9-.5-9.7-1.4-2.8-12.5-30.1-17.1-41.2-4.5-10.8-9.1-9.3-12.5-9.5-3.2-.2-6.9-.2-10.6-.2-3.7 0-9.7 1.4-14.8 6.9-5.1 5.6-19.4 19-19.4 46.3 0 27.3 19.9 53.7 22.6 57.4 2.8 3.7 39.1 59.7 94.8 83.8 35.2 15.2 49 16.5 66.6 13.9 10.7-1.6 32.8-13.4 37.4-26.4 4.6-13 4.6-24.1 3.2-26.4-1.3-2.5-5-3.9-10.5-6.6z\"><\/path><\/svg><br \/>\n\t\t\t\t\t\t\t\t\t\t(51) 99976-7134<br \/>\n\t\t\t\t\t\t\t\t\t\t\t<\/a>\n\t\t\t\t\t\t\t\t\t<\/li>\n<li>\n\t\t\t\t\t\t\t\t\t\t\t<a href=\"tel:+5551999767134\"><br \/>\n\t\t\t\t\t\t\t<svg aria-hidden=\"true\" viewBox=\"0 0 512 512\" xmlns=\"http:\/\/www.w3.org\/2000\/svg\"><path d=\"M497.39 361.8l-112-48a24 24 0 0 0-28 6.9l-49.6 60.6A370.66 370.66 0 0 1 130.6 204.11l60.6-49.6a23.94 23.94 0 0 0 6.9-28l-48-112A24.16 24.16 0 0 0 122.6.61l-104 24A24 24 0 0 0 0 48c0 256.5 207.9 464 464 464a24 24 0 0 0 23.4-18.6l24-104a24.29 24.29 0 0 0-14.01-27.6z\"><\/path><\/svg><br \/>\n\t\t\t\t\t\t\t\t\t\t(51) 99976-7134<br \/>\n\t\t\t\t\t\t\t\t\t\t\t<\/a>\n\t\t\t\t\t\t\t\t\t<\/li>\n<\/ul>\n<h3>Redes sociais<\/h3>\n<p>\t\t\t\t\t<a target=\"_blank\"><br \/>\n\t\t\t\t\t\tFacebook<br \/>\n\t\t\t\t\t\t<svg viewBox=\"0 0 512 512\" xmlns=\"http:\/\/www.w3.org\/2000\/svg\"><path d=\"M504 256C504 119 393 8 256 8S8 119 8 256c0 123.78 90.69 226.38 209.25 245V327.69h-63V256h63v-54.64c0-62.15 37-96.48 93.67-96.48 27.14 0 55.52 4.84 55.52 4.84v61h-31.28c-30.8 0-40.41 19.12-40.41 38.73V256h68.78l-11 71.69h-57.78V501C413.31 482.38 504 379.78 504 256z\"><\/path><\/svg>\t\t\t\t\t<\/a><br \/>\n\t\t\t\t\t<a href=\"https:\/\/www.instagram.com\/machadoemonteiroadvocacia\" target=\"_blank\"><br \/>\n\t\t\t\t\t\tInstagram<br \/>\n\t\t\t\t\t\t<svg viewBox=\"0 0 448 512\" xmlns=\"http:\/\/www.w3.org\/2000\/svg\"><path d=\"M224.1 141c-63.6 0-114.9 51.3-114.9 114.9s51.3 114.9 114.9 114.9S339 319.5 339 255.9 287.7 141 224.1 141zm0 189.6c-41.1 0-74.7-33.5-74.7-74.7s33.5-74.7 74.7-74.7 74.7 33.5 74.7 74.7-33.6 74.7-74.7 74.7zm146.4-194.3c0 14.9-12 26.8-26.8 26.8-14.9 0-26.8-12-26.8-26.8s12-26.8 26.8-26.8 26.8 12 26.8 26.8zm76.1 27.2c-1.7-35.9-9.9-67.7-36.2-93.9-26.2-26.2-58-34.4-93.9-36.2-37-2.1-147.9-2.1-184.9 0-35.8 1.7-67.6 9.9-93.9 36.1s-34.4 58-36.2 93.9c-2.1 37-2.1 147.9 0 184.9 1.7 35.9 9.9 67.7 36.2 93.9s58 34.4 93.9 36.2c37 2.1 147.9 2.1 184.9 0 35.9-1.7 67.7-9.9 93.9-36.2 26.2-26.2 34.4-58 36.2-93.9 2.1-37 2.1-147.8 0-184.8zM398.8 388c-7.8 19.6-22.9 34.7-42.6 42.6-29.5 11.7-99.5 9-132.1 9s-102.7 2.6-132.1-9c-19.6-7.8-34.7-22.9-42.6-42.6-11.7-29.5-9-99.5-9-132.1s-2.6-102.7 9-132.1c7.8-19.6 22.9-34.7 42.6-42.6 29.5-11.7 99.5-9 132.1-9s102.7-2.6 132.1 9c19.6 7.8 34.7 22.9 42.6 42.6 11.7 29.5 9 99.5 9 132.1s2.7 102.7-9 132.1z\"><\/path><\/svg>\t\t\t\t\t<\/a><br \/>\n\t\t\t\t\t<a href=\"https:\/\/br.linkedin.com\/in\/lillian-machado-1b2a85123\" target=\"_blank\"><br \/>\n\t\t\t\t\t\tLinkedin<br \/>\n\t\t\t\t\t\t<svg viewBox=\"0 0 448 512\" xmlns=\"http:\/\/www.w3.org\/2000\/svg\"><path d=\"M416 32H31.9C14.3 32 0 46.5 0 64.3v383.4C0 465.5 14.3 480 31.9 480H416c17.6 0 32-14.5 32-32.3V64.3c0-17.8-14.4-32.3-32-32.3zM135.4 416H69V202.2h66.5V416zm-33.2-243c-21.3 0-38.5-17.3-38.5-38.5S80.9 96 102.2 96c21.2 0 38.5 17.3 38.5 38.5 0 21.3-17.2 38.5-38.5 38.5zm282.1 243h-66.4V312c0-24.8-.5-56.7-34.5-56.7-34.6 0-39.9 27-39.9 54.9V416h-66.4V202.2h63.7v29.2h.9c8.9-16.8 30.6-34.5 62.9-34.5 67.2 0 79.7 44.3 79.7 101.9V416z\"><\/path><\/svg>\t\t\t\t\t<\/a><\/p>\n<h3>Endere\u00e7o<\/h3>\n<ul>\n<li>\n\t\t\t\t\t\t\t<svg aria-hidden=\"true\" viewBox=\"0 0 384 512\" xmlns=\"http:\/\/www.w3.org\/2000\/svg\"><path d=\"M172.268 501.67C26.97 291.031 0 269.413 0 192 0 85.961 85.961 0 192 0s192 85.961 192 192c0 77.413-26.97 99.031-172.268 309.67-9.535 13.774-29.93 13.773-39.464 0zM192 272c44.183 0 80-35.817 80-80s-35.817-80-80-80-80 35.817-80 80 35.817 80 80 80z\"><\/path><\/svg><br \/>\n\t\t\t\t\t\t\t\t\t\tVesta Corporate &#8211; R. Borges de Medeiros, 405, sala 1203 &#8211; Centro, Torres &#8211; RS, 95560-000\n\t\t\t\t\t\t\t\t\t<\/li>\n<\/ul>\n<p>\t\t\t<iframe loading=\"lazy\"\n\t\t\t\t\tsrc=\"https:\/\/maps.google.com\/maps?q=Vesta%20Corporate%20-%20R.%20Borges%20de%20Medeiros%2C%20405%2C%20sala%201203%20-%20Centro%2C%20Torres%20-%20RS%2C%2095560-000&#038;t=m&#038;z=15&#038;output=embed&#038;iwloc=near\"\n\t\t\t\t\ttitle=\"Vesta Corporate - R. Borges de Medeiros, 405, sala 1203 - Centro, Torres - RS, 95560-000\"\n\t\t\t\t\taria-label=\"Vesta Corporate - R. Borges de Medeiros, 405, sala 1203 - Centro, Torres - RS, 95560-000\"\n\t\t\t><\/iframe><\/p>\n<p style=\"text-align: center;\">Copyright 2024. Todos os Direitos Reservados. Lillian Machado Advocacia Empresarial. Desenvolvido por <a href=\"https:\/\/www.mrgdigital.com.br\">MRG Digital<\/a><\/p>\n","protected":false},"excerpt":{"rendered":"<p>Escrit\u00f3rio de advocacia com refer\u00eancia em Renegocia\u00e7\u00e3o&nbsp;de&nbsp;d\u00edvidas Revis\u00e3o&nbsp;de&nbsp;juros Direito&nbsp;banc\u00e1rio Solu\u00e7\u00f5es&nbsp;empresariais Trazendo o melhor da advocacia empresarial em\u00a0todo o Brasil. ENTRE EM CONTATO CONOSCO O escrit\u00f3rio O nosso escrit\u00f3rio preza pela ess\u00eancia corajosa de buscar justi\u00e7a quando se trata de combater as pr\u00e1ticas abusivas e redu\u00e7\u00e3o de juros abusivos. Sabemos pelo nosso dia a dia que [&hellip;]<\/p>\n","protected":false},"author":1,"featured_media":0,"parent":0,"menu_order":0,"comment_status":"closed","ping_status":"closed","template":"elementor_canvas","meta":{"footnotes":""},"class_list":["post-6","page","type-page","status-publish","hentry"],"_links":{"self":[{"href":"https:\/\/lillianmachado.adv.br\/index.php\/wp-json\/wp\/v2\/pages\/6","targetHints":{"allow":["GET"]}}],"collection":[{"href":"https:\/\/lillianmachado.adv.br\/index.php\/wp-json\/wp\/v2\/pages"}],"about":[{"href":"https:\/\/lillianmachado.adv.br\/index.php\/wp-json\/wp\/v2\/types\/page"}],"author":[{"embeddable":true,"href":"https:\/\/lillianmachado.adv.br\/index.php\/wp-json\/wp\/v2\/users\/1"}],"replies":[{"embeddable":true,"href":"https:\/\/lillianmachado.adv.br\/index.php\/wp-json\/wp\/v2\/comments?post=6"}],"version-history":[{"count":20,"href":"https:\/\/lillianmachado.adv.br\/index.php\/wp-json\/wp\/v2\/pages\/6\/revisions"}],"predecessor-version":[{"id":1139,"href":"https:\/\/lillianmachado.adv.br\/index.php\/wp-json\/wp\/v2\/pages\/6\/revisions\/1139"}],"wp:attachment":[{"href":"https:\/\/lillianmachado.adv.br\/index.php\/wp-json\/wp\/v2\/media?parent=6"}],"curies":[{"name":"wp","href":"https:\/\/api.w.org\/{rel}","templated":true}]}}